{"id":183,"date":"2016-03-13T01:42:48","date_gmt":"2016-03-13T01:42:48","guid":{"rendered":"https:\/\/lepunto.com\/es\/?page_id=183"},"modified":"2016-12-17T22:55:15","modified_gmt":"2016-12-17T21:55:15","slug":"acerca-de","status":"publish","type":"page","link":"https:\/\/lepunto.com\/es\/acerca-de\/","title":{"rendered":"ACERCA DE"},"content":{"rendered":"<p><img loading=\"lazy\" decoding=\"async\" class=\"aligncenter wp-image-795 size-full\" src=\"https:\/\/lepunto.com\/wp-content\/uploads\/2016\/03\/LEPUNTO-About-us.jpg\" alt=\"LEPUNTO - acerca de\" width=\"759\" height=\"486\" srcset=\"https:\/\/lepunto.com\/wp-content\/uploads\/2016\/03\/LEPUNTO-About-us.jpg 759w, https:\/\/lepunto.com\/wp-content\/uploads\/2016\/03\/LEPUNTO-About-us-300x192.jpg 300w\" sizes=\"auto, (max-width: 759px) 100vw, 759px\" \/><\/p>\n<p>LEPUNTO es una agencia digital con sede en Torrevieja, Espa\u00f1a. Nuestro nombre (una palabra acu\u00f1ada) proviene del franc\u00e9s \u00able\u00bb y el espa\u00f1ol \u00abpunto\u00bb y significa \u00abel punto\u00bb.<strong>\u00a0<\/strong>\u00a1El punto en el mapa donde sus clientes le encontrar\u00e1n! \u00a1El punto donde sus problemas se arreglan! \u00a1El punto a partir del cual su negocio crecer\u00e1 m\u00e1s r\u00e1pido que nunca!<\/p>\n<h3 style=\"text-align: center;\"><strong>Qu\u00e9 hacemos:<\/strong><\/h3>\n<p>1) Creamos p\u00e1ginas web eficaces, multiling\u00fces y f\u00e1ciles de usar (dise\u00f1o web)<\/p>\n<p>2) Hacemos que cualquier negocio (grande o peque\u00f1o) sea encontrado f\u00e1cilmente en Internet (posicionamiento SEO)<\/p>\n<p>3) Le ayudamos a transmitir su mensaje de negocio a sus clientes (redes sociales)<\/p>\n<p>4) Ofrecemos servicios de branding a las empresas para ayudarles a transmitir sus ideas online (estrategia, servicios de naming, dise\u00f1o, registraci\u00f3n de marcas, etc.)<\/p>\n<p>5) Ofrecemos servicios adicionales que usted necesite para cumplir sus objetivos online (alojamiento web, formaci\u00f3n, creaci\u00f3n de contenido, traducciones, dominios, etc.)<\/p>\n<h3 style=\"text-align: center;\"><strong>Valores<\/strong><\/h3>\n<ul>\n<li>Resultados duraderos. Hacemos cosas que funcionan a corto plazo, pero lo m\u00e1s importante es que contamos con servicios que funcionan a largo plazo tambi\u00e9n<\/li>\n<\/ul>\n<ul>\n<li>Todo lo que hacemos es transparente, sin trucos ni enga\u00f1os<\/li>\n<\/ul>\n<ul>\n<li>Acercamiento estrat\u00e9gico. Proporcionamos cualquier servicio que necesite teniendo en mente todas las partes del negocio<\/li>\n<\/ul>\n<h3 style=\"text-align: center;\"><strong>\u00bfCree que podemos ayudarle?<\/strong><\/h3>\n<p>Consulte nuestros servicios de <a href=\"https:\/\/lepunto.com\/es\/posicionamiento-seo\">Posicionamiento SEO<\/a>, <a href=\"https:\/\/lepunto.com\/es\/diseno-web\">Dise\u00f1o Web<\/a>, <a href=\"https:\/\/lepunto.com\/es\/redes-sociales\">Redes Sociales<\/a> y <a href=\"https:\/\/lepunto.com\/es\/branding\">Branding<\/a> en detalle o <a href=\"https:\/\/lepunto.com\/es\/contacto\">p\u00f3ngase en contacto<\/a> con nosotros para obtener m\u00e1s informaci\u00f3n.<\/p>\n<p>No se olvide de suscribirse a nuestro bolet\u00edn &#8211; le enviaremos nuestras noticias una vez al mes (no compartiremos su correo electr\u00f3nico con nadie y podr\u00e1 cancelar su suscripci\u00f3n en cualquier momento).<\/p>\n<p>\u00a1Lo m\u00e1s importante &#8211; <a href=\"https:\/\/lepunto.com\/es\/consulta-gratiuta\">solicite su consulta gratuita<\/a> y obtenga todas las respuestas a sus preguntas en persona!<\/p>\n","protected":false},"excerpt":{"rendered":"<p>LEPUNTO es una agencia digital con sede en Torrevieja, Espa\u00f1a. Nuestro nombre (una palabra acu\u00f1ada) proviene del franc\u00e9s \u00able\u00bb y el espa\u00f1ol \u00abpunto\u00bb y significa \u00abel punto\u00bb.\u00a0\u00a1El punto en el mapa donde sus clientes le encontrar\u00e1n! \u00a1El punto donde sus problemas se arreglan! \u00a1El punto a partir del cual su negocio crecer\u00e1 m\u00e1s r\u00e1pido que [&hellip;]<\/p>\n","protected":false},"author":1,"featured_media":795,"parent":0,"menu_order":0,"comment_status":"closed","ping_status":"closed","template":"","meta":{"_crdt_document":"","_genesis_hide_title":false,"_genesis_hide_breadcrumbs":false,"_genesis_hide_singular_image":false,"_genesis_hide_footer_widgets":false,"_genesis_custom_body_class":"","_genesis_custom_post_class":"","_genesis_layout":"content-sidebar","footnotes":""},"class_list":{"0":"post-183","1":"page","2":"type-page","3":"status-publish","4":"has-post-thumbnail","6":"entry"},"yoast_head":"<!-- This site is optimized with the Yoast SEO plugin v27.2 - https:\/\/yoast.com\/product\/yoast-seo-wordpress\/ -->\n<title>ACERCA DE - LEPUNTO<\/title>\n<meta name=\"robots\" content=\"index, follow, max-snippet:-1, max-image-preview:large, max-video-preview:-1\" \/>\n<link rel=\"canonical\" href=\"https:\/\/lepunto.com\/es\/acerca-de\/\" \/>\n<meta property=\"og:locale\" content=\"es_ES\" \/>\n<meta property=\"og:type\" content=\"article\" \/>\n<meta property=\"og:title\" content=\"ACERCA DE - LEPUNTO\" \/>\n<meta property=\"og:description\" content=\"LEPUNTO es una agencia digital con sede en Torrevieja, Espa\u00f1a. Nuestro nombre (una palabra acu\u00f1ada) proviene del franc\u00e9s \u00able\u00bb y el espa\u00f1ol \u00abpunto\u00bb y significa \u00abel punto\u00bb.\u00a0\u00a1El punto en el mapa donde sus clientes le encontrar\u00e1n! \u00a1El punto donde sus problemas se arreglan! \u00a1El punto a partir del cual su negocio crecer\u00e1 m\u00e1s r\u00e1pido que [&hellip;]\" \/>\n<meta property=\"og:url\" content=\"https:\/\/lepunto.com\/es\/acerca-de\/\" \/>\n<meta property=\"og:site_name\" content=\"LEPUNTO\" \/>\n<meta property=\"article:publisher\" content=\"https:\/\/www.facebook.com\/lepunto\" \/>\n<meta property=\"article:modified_time\" content=\"2016-12-17T21:55:15+00:00\" \/>\n<meta property=\"og:image\" content=\"https:\/\/i2.wp.com\/lepunto.com\/wp-content\/uploads\/2016\/03\/LEPUNTO-About-us.jpg?fit=759%2C486&ssl=1\" \/>\n\t<meta property=\"og:image:width\" content=\"759\" \/>\n\t<meta property=\"og:image:height\" content=\"486\" \/>\n\t<meta property=\"og:image:type\" content=\"image\/jpeg\" \/>\n<meta name=\"twitter:card\" content=\"summary_large_image\" \/>\n<meta name=\"twitter:site\" content=\"@lepunto\" \/>\n<meta name=\"twitter:label1\" content=\"Tiempo de lectura\" \/>\n\t<meta name=\"twitter:data1\" content=\"1 minuto\" \/>\n<script type=\"application\/ld+json\" class=\"yoast-schema-graph\">{\"@context\":\"https:\/\/schema.org\",\"@graph\":[{\"@type\":\"WebPage\",\"@id\":\"https:\/\/lepunto.com\/es\/acerca-de\/\",\"url\":\"https:\/\/lepunto.com\/es\/acerca-de\/\",\"name\":\"ACERCA DE - LEPUNTO\",\"isPartOf\":{\"@id\":\"https:\/\/lepunto.com\/#website\"},\"primaryImageOfPage\":{\"@id\":\"https:\/\/lepunto.com\/es\/acerca-de\/#primaryimage\"},\"image\":{\"@id\":\"https:\/\/lepunto.com\/es\/acerca-de\/#primaryimage\"},\"thumbnailUrl\":\"https:\/\/lepunto.com\/wp-content\/uploads\/2016\/03\/LEPUNTO-About-us.jpg\",\"datePublished\":\"2016-03-13T01:42:48+00:00\",\"dateModified\":\"2016-12-17T21:55:15+00:00\",\"breadcrumb\":{\"@id\":\"https:\/\/lepunto.com\/es\/acerca-de\/#breadcrumb\"},\"inLanguage\":\"es\",\"potentialAction\":[{\"@type\":\"ReadAction\",\"target\":[\"https:\/\/lepunto.com\/es\/acerca-de\/\"]}]},{\"@type\":\"ImageObject\",\"inLanguage\":\"es\",\"@id\":\"https:\/\/lepunto.com\/es\/acerca-de\/#primaryimage\",\"url\":\"https:\/\/lepunto.com\/wp-content\/uploads\/2016\/03\/LEPUNTO-About-us.jpg\",\"contentUrl\":\"https:\/\/lepunto.com\/wp-content\/uploads\/2016\/03\/LEPUNTO-About-us.jpg\",\"width\":759,\"height\":486},{\"@type\":\"BreadcrumbList\",\"@id\":\"https:\/\/lepunto.com\/es\/acerca-de\/#breadcrumb\",\"itemListElement\":[{\"@type\":\"ListItem\",\"position\":1,\"name\":\"Home\",\"item\":\"https:\/\/lepunto.com\/es\/\"},{\"@type\":\"ListItem\",\"position\":2,\"name\":\"ACERCA DE\"}]},{\"@type\":\"WebSite\",\"@id\":\"https:\/\/lepunto.com\/#website\",\"url\":\"https:\/\/lepunto.com\/\",\"name\":\"LEPUNTO\",\"description\":\"SEO, Websites, Social Media and Branding for businesses and professionals. Torrevieja, Spain\",\"potentialAction\":[{\"@type\":\"SearchAction\",\"target\":{\"@type\":\"EntryPoint\",\"urlTemplate\":\"https:\/\/lepunto.com\/?s={search_term_string}\"},\"query-input\":{\"@type\":\"PropertyValueSpecification\",\"valueRequired\":true,\"valueName\":\"search_term_string\"}}],\"inLanguage\":\"es\"}]}<\/script>\n<!-- \/ Yoast SEO plugin. -->","yoast_head_json":{"title":"ACERCA DE - LEPUNTO","robots":{"index":"index","follow":"follow","max-snippet":"max-snippet:-1","max-image-preview":"max-image-preview:large","max-video-preview":"max-video-preview:-1"},"canonical":"https:\/\/lepunto.com\/es\/acerca-de\/","og_locale":"es_ES","og_type":"article","og_title":"ACERCA DE - LEPUNTO","og_description":"LEPUNTO es una agencia digital con sede en Torrevieja, Espa\u00f1a. Nuestro nombre (una palabra acu\u00f1ada) proviene del franc\u00e9s \u00able\u00bb y el espa\u00f1ol \u00abpunto\u00bb y significa \u00abel punto\u00bb.\u00a0\u00a1El punto en el mapa donde sus clientes le encontrar\u00e1n! \u00a1El punto donde sus problemas se arreglan! \u00a1El punto a partir del cual su negocio crecer\u00e1 m\u00e1s r\u00e1pido que [&hellip;]","og_url":"https:\/\/lepunto.com\/es\/acerca-de\/","og_site_name":"LEPUNTO","article_publisher":"https:\/\/www.facebook.com\/lepunto","article_modified_time":"2016-12-17T21:55:15+00:00","og_image":[{"width":759,"height":486,"url":"https:\/\/i2.wp.com\/lepunto.com\/wp-content\/uploads\/2016\/03\/LEPUNTO-About-us.jpg?fit=759%2C486&ssl=1","type":"image\/jpeg"}],"twitter_card":"summary_large_image","twitter_site":"@lepunto","twitter_misc":{"Tiempo de lectura":"1 minuto"},"schema":{"@context":"https:\/\/schema.org","@graph":[{"@type":"WebPage","@id":"https:\/\/lepunto.com\/es\/acerca-de\/","url":"https:\/\/lepunto.com\/es\/acerca-de\/","name":"ACERCA DE - LEPUNTO","isPartOf":{"@id":"https:\/\/lepunto.com\/#website"},"primaryImageOfPage":{"@id":"https:\/\/lepunto.com\/es\/acerca-de\/#primaryimage"},"image":{"@id":"https:\/\/lepunto.com\/es\/acerca-de\/#primaryimage"},"thumbnailUrl":"https:\/\/lepunto.com\/wp-content\/uploads\/2016\/03\/LEPUNTO-About-us.jpg","datePublished":"2016-03-13T01:42:48+00:00","dateModified":"2016-12-17T21:55:15+00:00","breadcrumb":{"@id":"https:\/\/lepunto.com\/es\/acerca-de\/#breadcrumb"},"inLanguage":"es","potentialAction":[{"@type":"ReadAction","target":["https:\/\/lepunto.com\/es\/acerca-de\/"]}]},{"@type":"ImageObject","inLanguage":"es","@id":"https:\/\/lepunto.com\/es\/acerca-de\/#primaryimage","url":"https:\/\/lepunto.com\/wp-content\/uploads\/2016\/03\/LEPUNTO-About-us.jpg","contentUrl":"https:\/\/lepunto.com\/wp-content\/uploads\/2016\/03\/LEPUNTO-About-us.jpg","width":759,"height":486},{"@type":"BreadcrumbList","@id":"https:\/\/lepunto.com\/es\/acerca-de\/#breadcrumb","itemListElement":[{"@type":"ListItem","position":1,"name":"Home","item":"https:\/\/lepunto.com\/es\/"},{"@type":"ListItem","position":2,"name":"ACERCA DE"}]},{"@type":"WebSite","@id":"https:\/\/lepunto.com\/#website","url":"https:\/\/lepunto.com\/","name":"LEPUNTO","description":"SEO, Websites, Social Media and Branding for businesses and professionals. Torrevieja, Spain","potentialAction":[{"@type":"SearchAction","target":{"@type":"EntryPoint","urlTemplate":"https:\/\/lepunto.com\/?s={search_term_string}"},"query-input":{"@type":"PropertyValueSpecification","valueRequired":true,"valueName":"search_term_string"}}],"inLanguage":"es"}]}},"_links":{"self":[{"href":"https:\/\/lepunto.com\/es\/wp-json\/wp\/v2\/pages\/183","targetHints":{"allow":["GET"]}}],"collection":[{"href":"https:\/\/lepunto.com\/es\/wp-json\/wp\/v2\/pages"}],"about":[{"href":"https:\/\/lepunto.com\/es\/wp-json\/wp\/v2\/types\/page"}],"author":[{"embeddable":true,"href":"https:\/\/lepunto.com\/es\/wp-json\/wp\/v2\/users\/1"}],"replies":[{"embeddable":true,"href":"https:\/\/lepunto.com\/es\/wp-json\/wp\/v2\/comments?post=183"}],"version-history":[{"count":0,"href":"https:\/\/lepunto.com\/es\/wp-json\/wp\/v2\/pages\/183\/revisions"}],"wp:featuredmedia":[{"embeddable":true,"href":"https:\/\/lepunto.com\/es\/wp-json\/wp\/v2\/media\/795"}],"wp:attachment":[{"href":"https:\/\/lepunto.com\/es\/wp-json\/wp\/v2\/media?parent=183"}],"curies":[{"name":"wp","href":"https:\/\/api.w.org\/{rel}","templated":true}]}}