{"id":192,"date":"2016-03-16T15:55:20","date_gmt":"2016-03-16T15:55:20","guid":{"rendered":"https:\/\/lepunto.com\/es\/?page_id=192"},"modified":"2016-12-18T01:19:58","modified_gmt":"2016-12-18T00:19:58","slug":"posicionamiento-seo","status":"publish","type":"page","link":"https:\/\/lepunto.com\/es\/posicionamiento-seo\/","title":{"rendered":"Posicionamiento SEO"},"content":{"rendered":"<p><img loading=\"lazy\" decoding=\"async\" class=\"aligncenter wp-image-758 size-full\" src=\"https:\/\/lepunto.com\/wp-content\/uploads\/2016\/03\/SEO-Services.jpg\" alt=\"Posicionamiento SEO\" width=\"694\" height=\"464\" srcset=\"https:\/\/lepunto.com\/wp-content\/uploads\/2016\/03\/SEO-Services.jpg 694w, https:\/\/lepunto.com\/wp-content\/uploads\/2016\/03\/SEO-Services-300x201.jpg 300w\" sizes=\"auto, (max-width: 694px) 100vw, 694px\" \/><\/p>\n<p>Nuestros servicios de posicionamiento SEO hacen que su sitio web sea visible para los motores de b\u00fasqueda. Hay cientos de factores que determinan el ranking de un sitio web y que est\u00e1n cambiando todo el tiempo. Nuestro trabajo es seguir y aplicar estos factores en su sitio web para conseguir las clasificaciones que usted merece. El \u00e9xito online de su sitio web depende de muchos peque\u00f1os detalles, por tanto, nosotros nos encargamos de ellos para que no tenga que hacerlo usted.<\/p>\n<h3 style=\"text-align: center;\"><strong>Optimizaci\u00f3n SEO On-Page (en la p\u00e1gina)<\/strong><\/h3>\n<p>Esta parte del trabajo se refiere al sitio web en s\u00ed. Sintonizamos su sitio web para que sea compatible con los motores de b\u00fasqueda. Le ayudamos a crear un contenido que le encantar\u00e1 a su p\u00fablico, que adem\u00e1s, compartir\u00e1 en redes sociales y distribuir\u00e1 en los motores de b\u00fasqueda. Nos aseguramos de que su sitio web se vea y funcione perfectamente en cualquier dispositivo.<\/p>\n<h3 style=\"text-align: center;\"><strong>Posicionamiento SEO Off-Page (optimizaci\u00f3n fuera de la p\u00e1gina)<\/strong><\/h3>\n<p>Este tipo de posicionamiento web\u00a0trata de su autoridad online &#8211; lo que otros sitios web enlazan a la suya, la importancia de estos sitios web y c\u00f3mo est\u00e1n relacionados con su negocio. Hay muchas maneras de obtener enlaces y son totalmente necesarios para posicionarse adecuadamente.<\/p>\n<h3 style=\"text-align: center;\"><strong>Posicionamiento SEO Local<\/strong><\/h3>\n<p>Esta es, a menudo, la manera m\u00e1s eficaz de promover su negocio si usted enfoca en las personas que viven en su \u00e1rea. El objetivo est\u00e1 en la gente que puede convertirse en sus clientes porque viven cerca. Sus gastos son limitados por el \u00e1rea en el que usted trabaja. Sea encontrado por las personas que buscan en su \u00e1rea geogr\u00e1fica, por ejemplo, en Google, Google Maps, Facebook, Here Maps, TomTom, Foursquare, Yelp y otras plataformas, aplicaciones y sitios web basados \u200b\u200ben la ubicaci\u00f3n. Crearemos y optimizaremos las cuentas de su negocio y ayudaremos a sus clientes potenciales a encontrarle f\u00e1cilmente.<\/p>\n<p><strong>P\u00e1ginas locales de empresas con m\u00faltiples ubicaciones \/ puntos de venta.<\/strong> Este es un servicio para bancos, cadenas de tiendas minoristas, cadenas de restaurantes, franquicias, empresas distribuidoras, etc. Si usted tiene varias ubicaciones o distribuye su producto a m\u00e1s de un lugar &#8211; este es un servicio id\u00f3neo para usted. Gestionar cientos de ubicaciones puede ser dif\u00edcil y requiere mucho tiempo. Ceda este trabajo a nosotros y ver\u00e1 como mejora notablemente su posicionamiento SEO local.<\/p>\n<h3 style=\"text-align: center;\"><strong>Posicionamiento SEO Internacional<\/strong><\/h3>\n<p>El posicionamiento SEO internacional exprime al m\u00e1ximo la optimizaci\u00f3n de su sitio web para personas ubicadas en diferentes pa\u00edses y sobretodo, la b\u00fasqueda en diferentes idiomas. Si usted tiene un negocio local tur\u00edstico o vende sus productos en el extranjero, debe prestar atenci\u00f3n a este tipo de posicionamiento web. \u00a1Sea encontrado por las personas que\u00a0buscan\u00a0en Google en otras idiomas y en los motores de b\u00fasqueda de otros pa\u00edses y consiga nuevos clientes!<\/p>\n<p><strong>Servicios de SEO en Baidu.<\/strong> Baidu es un motor de b\u00fasqueda chino. Los usuarios de Internet no tienen acceso a Google en China Continental y Baidu es el lugar principal donde la gente realiza sus b\u00fasquedas. Haremos que su negocio sea visible en China (en mandar\u00edn si se dirige a hablantes nativos de chino).<\/p>\n<p><strong>Servicios de SEO en Yandex.<\/strong> Yandex es el principal motor de b\u00fasqueda en Rusia. Sin embargo, el mercado est\u00e1 abierto a otros motores de b\u00fasqueda (a diferencia de China) y Google se aproxima a la cuota de mercado de Yandex. Si usted est\u00e1 interesado en los mercados de habla rusa, definitivamente debe prestar atenci\u00f3n a ambos buscadores.<\/p>\n<h3 style=\"text-align: center;\"><strong>Posicionamiento SEO en redes sociales y fuera de Google<\/strong><\/h3>\n<p>Las redes sociales crecieron notablemente y Google no es el \u00fanico lugar donde la gente realiza sus b\u00fasquedas. Muchas de las grandes redes sociales son motores de b\u00fasqueda en s\u00ed mismas. Nosotros no aseguramos de que su negocio se posicione correctamente cuando el usuario busque cosas en Facebook, LinkedIn, Twitter, Instagram, Google+, Foursquare, Yelp, VK, Weibo y otras redes sociales.<\/p>\n<p><strong>Todos nuestros servicios son transparentes &#8211; seguimos estrictamente las directrices de los motores de b\u00fasqueda para lograr el \u00e9xito a largo plazo y nos aseguramos de que su sitio web tenga una excelente reputaci\u00f3n online. La evoluci\u00f3n de los motores de b\u00fasqueda cambi\u00f3 la mayor\u00eda de las t\u00e1cticas del posicionamiento SEO del pasado. Los intentos de inflar artificialmente los rankings son penalizados.<\/strong><\/p>\n<p>&nbsp;<\/p>\n","protected":false},"excerpt":{"rendered":"<p>Nuestros servicios de posicionamiento SEO hacen que su sitio web sea visible para los motores de b\u00fasqueda. Hay cientos de factores que determinan el ranking de un sitio web y que est\u00e1n cambiando todo el tiempo. Nuestro trabajo es seguir y aplicar estos factores en su sitio web para conseguir las clasificaciones que usted merece. [&hellip;]<\/p>\n","protected":false},"author":1,"featured_media":758,"parent":0,"menu_order":0,"comment_status":"closed","ping_status":"closed","template":"","meta":{"_crdt_document":"","_genesis_hide_title":false,"_genesis_hide_breadcrumbs":false,"_genesis_hide_singular_image":false,"_genesis_hide_footer_widgets":false,"_genesis_custom_body_class":"","_genesis_custom_post_class":"","_genesis_layout":"","footnotes":""},"class_list":{"0":"post-192","1":"page","2":"type-page","3":"status-publish","4":"has-post-thumbnail","6":"entry"},"yoast_head":"<!-- This site is optimized with the Yoast SEO plugin v27.2 - https:\/\/yoast.com\/product\/yoast-seo-wordpress\/ -->\n<title>Posicionamiento SEO - \u00bfQuiere que su negocio sea encontrado?<\/title>\n<meta name=\"description\" content=\"Servicios de posicionamiento en buscadores, SEO local e internacional, optimizaci\u00f3n on-page, off-page y otros tipos de optimizaci\u00f3n web \u00a1Cont\u00e1ctanos ahora!\" \/>\n<meta name=\"robots\" content=\"index, follow, max-snippet:-1, max-image-preview:large, max-video-preview:-1\" \/>\n<link rel=\"canonical\" href=\"https:\/\/lepunto.com\/es\/posicionamiento-seo\/\" \/>\n<meta property=\"og:locale\" content=\"es_ES\" \/>\n<meta property=\"og:type\" content=\"article\" \/>\n<meta property=\"og:title\" content=\"Posicionamiento SEO - \u00bfQuiere que su negocio sea encontrado?\" \/>\n<meta property=\"og:description\" content=\"Servicios de posicionamiento en buscadores, SEO local e internacional, optimizaci\u00f3n on-page, off-page y otros tipos de optimizaci\u00f3n web \u00a1Cont\u00e1ctanos ahora!\" \/>\n<meta property=\"og:url\" content=\"https:\/\/lepunto.com\/es\/posicionamiento-seo\/\" \/>\n<meta property=\"og:site_name\" content=\"LEPUNTO\" \/>\n<meta property=\"article:publisher\" content=\"https:\/\/www.facebook.com\/lepunto\" \/>\n<meta property=\"article:modified_time\" content=\"2016-12-18T00:19:58+00:00\" \/>\n<meta property=\"og:image\" content=\"https:\/\/i0.wp.com\/lepunto.com\/wp-content\/uploads\/2016\/03\/SEO-Services.jpg?fit=694%2C464&ssl=1\" \/>\n\t<meta property=\"og:image:width\" content=\"694\" \/>\n\t<meta property=\"og:image:height\" content=\"464\" \/>\n\t<meta property=\"og:image:type\" content=\"image\/jpeg\" \/>\n<meta name=\"twitter:card\" content=\"summary_large_image\" \/>\n<meta name=\"twitter:site\" content=\"@lepunto\" \/>\n<meta name=\"twitter:label1\" content=\"Tiempo de lectura\" \/>\n\t<meta name=\"twitter:data1\" content=\"4 minutos\" \/>\n<script type=\"application\/ld+json\" class=\"yoast-schema-graph\">{\"@context\":\"https:\/\/schema.org\",\"@graph\":[{\"@type\":\"WebPage\",\"@id\":\"https:\/\/lepunto.com\/es\/posicionamiento-seo\/\",\"url\":\"https:\/\/lepunto.com\/es\/posicionamiento-seo\/\",\"name\":\"Posicionamiento SEO - \u00bfQuiere que su negocio sea encontrado?\",\"isPartOf\":{\"@id\":\"https:\/\/lepunto.com\/#website\"},\"primaryImageOfPage\":{\"@id\":\"https:\/\/lepunto.com\/es\/posicionamiento-seo\/#primaryimage\"},\"image\":{\"@id\":\"https:\/\/lepunto.com\/es\/posicionamiento-seo\/#primaryimage\"},\"thumbnailUrl\":\"https:\/\/lepunto.com\/wp-content\/uploads\/2016\/03\/SEO-Services.jpg\",\"datePublished\":\"2016-03-16T15:55:20+00:00\",\"dateModified\":\"2016-12-18T00:19:58+00:00\",\"description\":\"Servicios de posicionamiento en buscadores, SEO local e internacional, optimizaci\u00f3n on-page, off-page y otros tipos de optimizaci\u00f3n web \u00a1Cont\u00e1ctanos ahora!\",\"breadcrumb\":{\"@id\":\"https:\/\/lepunto.com\/es\/posicionamiento-seo\/#breadcrumb\"},\"inLanguage\":\"es\",\"potentialAction\":[{\"@type\":\"ReadAction\",\"target\":[\"https:\/\/lepunto.com\/es\/posicionamiento-seo\/\"]}]},{\"@type\":\"ImageObject\",\"inLanguage\":\"es\",\"@id\":\"https:\/\/lepunto.com\/es\/posicionamiento-seo\/#primaryimage\",\"url\":\"https:\/\/lepunto.com\/wp-content\/uploads\/2016\/03\/SEO-Services.jpg\",\"contentUrl\":\"https:\/\/lepunto.com\/wp-content\/uploads\/2016\/03\/SEO-Services.jpg\",\"width\":694,\"height\":464,\"caption\":\"SEO services\"},{\"@type\":\"BreadcrumbList\",\"@id\":\"https:\/\/lepunto.com\/es\/posicionamiento-seo\/#breadcrumb\",\"itemListElement\":[{\"@type\":\"ListItem\",\"position\":1,\"name\":\"Home\",\"item\":\"https:\/\/lepunto.com\/es\/\"},{\"@type\":\"ListItem\",\"position\":2,\"name\":\"Posicionamiento SEO\"}]},{\"@type\":\"WebSite\",\"@id\":\"https:\/\/lepunto.com\/#website\",\"url\":\"https:\/\/lepunto.com\/\",\"name\":\"LEPUNTO\",\"description\":\"SEO, Websites, Social Media and Branding for businesses and professionals. Torrevieja, Spain\",\"potentialAction\":[{\"@type\":\"SearchAction\",\"target\":{\"@type\":\"EntryPoint\",\"urlTemplate\":\"https:\/\/lepunto.com\/?s={search_term_string}\"},\"query-input\":{\"@type\":\"PropertyValueSpecification\",\"valueRequired\":true,\"valueName\":\"search_term_string\"}}],\"inLanguage\":\"es\"}]}<\/script>\n<!-- \/ Yoast SEO plugin. -->","yoast_head_json":{"title":"Posicionamiento SEO - \u00bfQuiere que su negocio sea encontrado?","description":"Servicios de posicionamiento en buscadores, SEO local e internacional, optimizaci\u00f3n on-page, off-page y otros tipos de optimizaci\u00f3n web \u00a1Cont\u00e1ctanos ahora!","robots":{"index":"index","follow":"follow","max-snippet":"max-snippet:-1","max-image-preview":"max-image-preview:large","max-video-preview":"max-video-preview:-1"},"canonical":"https:\/\/lepunto.com\/es\/posicionamiento-seo\/","og_locale":"es_ES","og_type":"article","og_title":"Posicionamiento SEO - \u00bfQuiere que su negocio sea encontrado?","og_description":"Servicios de posicionamiento en buscadores, SEO local e internacional, optimizaci\u00f3n on-page, off-page y otros tipos de optimizaci\u00f3n web \u00a1Cont\u00e1ctanos ahora!","og_url":"https:\/\/lepunto.com\/es\/posicionamiento-seo\/","og_site_name":"LEPUNTO","article_publisher":"https:\/\/www.facebook.com\/lepunto","article_modified_time":"2016-12-18T00:19:58+00:00","og_image":[{"width":694,"height":464,"url":"https:\/\/i0.wp.com\/lepunto.com\/wp-content\/uploads\/2016\/03\/SEO-Services.jpg?fit=694%2C464&ssl=1","type":"image\/jpeg"}],"twitter_card":"summary_large_image","twitter_site":"@lepunto","twitter_misc":{"Tiempo de lectura":"4 minutos"},"schema":{"@context":"https:\/\/schema.org","@graph":[{"@type":"WebPage","@id":"https:\/\/lepunto.com\/es\/posicionamiento-seo\/","url":"https:\/\/lepunto.com\/es\/posicionamiento-seo\/","name":"Posicionamiento SEO - \u00bfQuiere que su negocio sea encontrado?","isPartOf":{"@id":"https:\/\/lepunto.com\/#website"},"primaryImageOfPage":{"@id":"https:\/\/lepunto.com\/es\/posicionamiento-seo\/#primaryimage"},"image":{"@id":"https:\/\/lepunto.com\/es\/posicionamiento-seo\/#primaryimage"},"thumbnailUrl":"https:\/\/lepunto.com\/wp-content\/uploads\/2016\/03\/SEO-Services.jpg","datePublished":"2016-03-16T15:55:20+00:00","dateModified":"2016-12-18T00:19:58+00:00","description":"Servicios de posicionamiento en buscadores, SEO local e internacional, optimizaci\u00f3n on-page, off-page y otros tipos de optimizaci\u00f3n web \u00a1Cont\u00e1ctanos ahora!","breadcrumb":{"@id":"https:\/\/lepunto.com\/es\/posicionamiento-seo\/#breadcrumb"},"inLanguage":"es","potentialAction":[{"@type":"ReadAction","target":["https:\/\/lepunto.com\/es\/posicionamiento-seo\/"]}]},{"@type":"ImageObject","inLanguage":"es","@id":"https:\/\/lepunto.com\/es\/posicionamiento-seo\/#primaryimage","url":"https:\/\/lepunto.com\/wp-content\/uploads\/2016\/03\/SEO-Services.jpg","contentUrl":"https:\/\/lepunto.com\/wp-content\/uploads\/2016\/03\/SEO-Services.jpg","width":694,"height":464,"caption":"SEO services"},{"@type":"BreadcrumbList","@id":"https:\/\/lepunto.com\/es\/posicionamiento-seo\/#breadcrumb","itemListElement":[{"@type":"ListItem","position":1,"name":"Home","item":"https:\/\/lepunto.com\/es\/"},{"@type":"ListItem","position":2,"name":"Posicionamiento SEO"}]},{"@type":"WebSite","@id":"https:\/\/lepunto.com\/#website","url":"https:\/\/lepunto.com\/","name":"LEPUNTO","description":"SEO, Websites, Social Media and Branding for businesses and professionals. Torrevieja, Spain","potentialAction":[{"@type":"SearchAction","target":{"@type":"EntryPoint","urlTemplate":"https:\/\/lepunto.com\/?s={search_term_string}"},"query-input":{"@type":"PropertyValueSpecification","valueRequired":true,"valueName":"search_term_string"}}],"inLanguage":"es"}]}},"_links":{"self":[{"href":"https:\/\/lepunto.com\/es\/wp-json\/wp\/v2\/pages\/192","targetHints":{"allow":["GET"]}}],"collection":[{"href":"https:\/\/lepunto.com\/es\/wp-json\/wp\/v2\/pages"}],"about":[{"href":"https:\/\/lepunto.com\/es\/wp-json\/wp\/v2\/types\/page"}],"author":[{"embeddable":true,"href":"https:\/\/lepunto.com\/es\/wp-json\/wp\/v2\/users\/1"}],"replies":[{"embeddable":true,"href":"https:\/\/lepunto.com\/es\/wp-json\/wp\/v2\/comments?post=192"}],"version-history":[{"count":0,"href":"https:\/\/lepunto.com\/es\/wp-json\/wp\/v2\/pages\/192\/revisions"}],"wp:featuredmedia":[{"embeddable":true,"href":"https:\/\/lepunto.com\/es\/wp-json\/wp\/v2\/media\/758"}],"wp:attachment":[{"href":"https:\/\/lepunto.com\/es\/wp-json\/wp\/v2\/media?parent=192"}],"curies":[{"name":"wp","href":"https:\/\/api.w.org\/{rel}","templated":true}]}}