{"id":244,"date":"2016-03-17T00:38:30","date_gmt":"2016-03-17T00:38:30","guid":{"rendered":"https:\/\/lepunto.com\/es\/?page_id=244"},"modified":"2016-12-18T00:44:09","modified_gmt":"2016-12-17T23:44:09","slug":"diseno-web","status":"publish","type":"page","link":"https:\/\/lepunto.com\/es\/diseno-web\/","title":{"rendered":"Dise\u00f1o web"},"content":{"rendered":"<p><img loading=\"lazy\" decoding=\"async\" class=\"aligncenter wp-image-767 size-full\" src=\"https:\/\/lepunto.com\/wp-content\/uploads\/2016\/03\/Web-Design-1.jpg\" alt=\"Dise\u00f1o Web\" width=\"672\" height=\"448\" srcset=\"https:\/\/lepunto.com\/wp-content\/uploads\/2016\/03\/Web-Design-1.jpg 672w, https:\/\/lepunto.com\/wp-content\/uploads\/2016\/03\/Web-Design-1-300x200.jpg 300w\" sizes=\"auto, (max-width: 672px) 100vw, 672px\" \/><\/p>\n<p>Su sitio web representa su negocio online y usted no puede permitirse el lujo de no tener uno. Tampoco es una buena idea tener un sitio web obsoleto que no funciona correctamente. Este hecho le est\u00e1 costando clientes, cada d\u00eda, hora y minuto.<\/p>\n<p>\u00a1S\u00ed, podemos ayudarle! LEPUNTO se especializa en la creaci\u00f3n de sitios web f\u00e1ciles de usar, responsive\u00a0(para m\u00f3viles y tabletas y tabletas) y multiling\u00fces.<\/p>\n<p>Y eso no es todo. Podemos explicarle, en t\u00e9rminos simples, qu\u00e9 tipo de sitio web funcionar\u00e1 mejor para su negocio en particular y c\u00f3mo puede utilizarlo de una manera eficaz.<\/p>\n<h3 style=\"text-align: center;\"><strong>Principales caracter\u00edsticas de nuestros sitios web:<\/strong><\/h3>\n<ul>\n<li>Interfaz f\u00e1cil de usar. Podr\u00e1 agregar entradas de blog, corregir informaci\u00f3n, agregar fotos, p\u00e1ginas, etc.<\/li>\n<\/ul>\n<ul>\n<li>Multiling\u00fce. Sus clientes lo encontrar\u00e1n sin importar el idioma que hablen. Nuestros sitios web est\u00e1n disponibles en varios idiomas. Elija los idiomas que necesite, y los a\u00f1adiremos al sistema. Adem\u00e1s, podr\u00e1 tener la versi\u00f3n completa o parcial de su sitio web en otros idiomas<\/li>\n<\/ul>\n<ul>\n<li>Dise\u00f1o web adaptable. Su sitio web funcionar\u00e1 en cualquier dispositivo: ordenador, tablet o smartphone. \u00a1Todos los sitios web modernos deben ser compatibles con los smartphones y punto!<\/li>\n<\/ul>\n<ul>\n<li>Optimizacion\u00a0para posicionamiento SEO. Nos aseguramos de tener en cuenta todos los peque\u00f1os detalles que hacen que el sitio web aparece en los resultados de b\u00fasqueda de los buscadores. Desde el primer d\u00eda su sitio web estar\u00e1 preparado para ser encontrado.<\/li>\n<\/ul>\n<ul>\n<li>Blog. No se puede subestimar la importancia de un blog acerca de su negocio. Usted ser\u00e1 capaz de escribir un blog, y as\u00ed, interactuar con sus lectores\/clientes<\/li>\n<\/ul>\n<ul>\n<li>Estad\u00edsticas. Configuraremos Google Analytics y Google Webmasters Tools para que pueda ver las estad\u00edsticas de su sitio web: tr\u00e1fico, palabras clave, v\u00ednculos, etc.<\/li>\n<\/ul>\n<ul>\n<li>C\u00f3digo claro. No sobrecargamos los sitios web con funciones innecesarias. Instale s\u00f3lo lo que necesita y cuando lo necesite<\/li>\n<\/ul>\n<ul>\n<li>Integraci\u00f3n con las redes sociales. Comparta publicaciones de forma autom\u00e1tica en Facebook, Twitter u otras redes sociales. Haga que las redes sociales en las que est\u00e9 activo aparezcan en sus sitios web<\/li>\n<\/ul>\n<ul>\n<li>Tienda online. Venda sus productos o servicios online. Crearemos su tienda online con cat\u00e1logo, categor\u00edas de productos, p\u00e1ginas de productos, carrito de la compra y otras funciones de comercio online que pueda necesitar para vender sus productos con \u00e9xito<\/li>\n<\/ul>\n<ul>\n<li>Pagos online. Acepte pagos seguros para sus productos o servicios en su sitio web (PayPal o tarjetas de cr\u00e9dito \/ d\u00e9bito)<\/li>\n<\/ul>\n<ul>\n<li>Formularios de suscripci\u00f3n por correo electr\u00f3nico. Mant\u00e9ngase en contacto con sus clientes por email. \u00a1Recoja sus direcciones de correo electr\u00f3nico, mantenga listas de suscripci\u00f3n y env\u00ede su bolet\u00edn de noticias!<\/li>\n<\/ul>\n<ul>\n<li>Si usted necesita cualquier caracter\u00edstica que no mencionamos arriba &#8211; \u00a1por favor, h\u00e1ganoslo saber, se puede hacer!<\/li>\n<\/ul>\n<h3 style=\"text-align: center;\"><strong>Tambi\u00e9n ofrecemos los siguientes servicios que complementan nuestro trabajo de dise\u00f1o web:<\/strong><\/h3>\n<p><strong>Mantenimiento de sitios web.<\/strong> Actualizaremos su sitio web y nos aseguraremos de que todo funciona bien. Ya se trate de cuestiones t\u00e9cnicas repentinas o de los cambios y mejoras necesarios, estamos encantados de mantener su sitio web en perfectas condiciones<\/p>\n<p><strong>Dominios.<\/strong> Le ayudaremos a elegir y comprar un dominio que funcione para su negocio. \u00bfC\u00f3mo comprar y mantener un dominio? \u00bfQu\u00e9 extensi\u00f3n de dominio elegir (.com, .es, .net u otros)? \u00bfQu\u00e9 hacer si el nombre que quiero ya est\u00e1 ocupado?<\/p>\n<p><strong>Alojamiento web.<\/strong> Se necesita un lugar donde su sitio ser\u00e1 alojado. Podemos alojar su sitio web con nuestros proveedores de alojamiento. Pagar\u00e1 menos y nosotros haremos todo el trabajo. Usted ser\u00e1 siempre el due\u00f1o de su dominio<\/p>\n<p><strong>Traducci\u00f3n.<\/strong> Un sitio web multiling\u00fce es una de las herramientas m\u00e1s f\u00e1ciles y poderosas que puede tener para expandir su negocio. Traduciremos su contenido de\/a espa\u00f1ol, ingl\u00e9s y ruso. Cualquier trabajo de traducci\u00f3n siempre se realiza por hablantes nativos de estos idiomas. Tambi\u00e9n disponemos de traducciones de\/a otros idiomas a trav\u00e9s de nuestros socios<\/p>\n<p><strong>Fotograf\u00eda<\/strong>. Las im\u00e1genes en el marketing online son imprescindibles. Haremos esta parte del trabajo para satisfacer sus necesidades. Desde fotos sencillas hasta sesiones de fotos profesionales<\/p>\n<p><strong>Redacci\u00f3n de contenidos\/blogs<\/strong>. La escritura\u00a0es una habilidad que conlleva mucho tiempo de pr\u00e1ctica y desarrollo. Simplemente expl\u00edquenos lo que debemos escribir y lo plasmaremos en un texto escrito profesionalmente<\/p>\n<p>Cont\u00e1ctenos si tiene alguna pregunta sobre nuestros servicios de dise\u00f1o web. Estaremos encantados de responder a todas sus preguntas.<\/p>\n","protected":false},"excerpt":{"rendered":"<p>Su sitio web representa su negocio online y usted no puede permitirse el lujo de no tener uno. Tampoco es una buena idea tener un sitio web obsoleto que no funciona correctamente. Este hecho le est\u00e1 costando clientes, cada d\u00eda, hora y minuto. \u00a1S\u00ed, podemos ayudarle! LEPUNTO se especializa en la creaci\u00f3n de sitios web [&hellip;]<\/p>\n","protected":false},"author":1,"featured_media":0,"parent":0,"menu_order":1,"comment_status":"closed","ping_status":"closed","template":"","meta":{"_crdt_document":"","_genesis_hide_title":false,"_genesis_hide_breadcrumbs":false,"_genesis_hide_singular_image":false,"_genesis_hide_footer_widgets":false,"_genesis_custom_body_class":"","_genesis_custom_post_class":"","_genesis_layout":"","footnotes":""},"class_list":{"0":"post-244","1":"page","2":"type-page","3":"status-publish","5":"entry"},"yoast_head":"<!-- This site is optimized with the Yoast SEO plugin v27.2 - https:\/\/yoast.com\/product\/yoast-seo-wordpress\/ -->\n<title>Dise\u00f1o de sitios web f\u00e1ciles de usar, responsive y multiling\u00fces - LEPUNTO<\/title>\n<meta name=\"description\" content=\"LEPUNTO se especializa en la creaci\u00f3n de sitios web f\u00e1ciles de usar, responsive (para m\u00f3viles y tabletas y tabletas) y multiling\u00fces. \u00a1Cont\u00e1ctanos ahora!\" \/>\n<meta name=\"robots\" content=\"index, follow, max-snippet:-1, max-image-preview:large, max-video-preview:-1\" \/>\n<link rel=\"canonical\" href=\"https:\/\/lepunto.com\/es\/diseno-web\/\" \/>\n<meta property=\"og:locale\" content=\"es_ES\" \/>\n<meta property=\"og:type\" content=\"article\" \/>\n<meta property=\"og:title\" content=\"Dise\u00f1o de sitios web f\u00e1ciles de usar, responsive y multiling\u00fces - LEPUNTO\" \/>\n<meta property=\"og:description\" content=\"LEPUNTO se especializa en la creaci\u00f3n de sitios web f\u00e1ciles de usar, responsive (para m\u00f3viles y tabletas y tabletas) y multiling\u00fces. \u00a1Cont\u00e1ctanos ahora!\" \/>\n<meta property=\"og:url\" content=\"https:\/\/lepunto.com\/es\/diseno-web\/\" \/>\n<meta property=\"og:site_name\" content=\"LEPUNTO\" \/>\n<meta property=\"article:publisher\" content=\"https:\/\/www.facebook.com\/lepunto\" \/>\n<meta property=\"article:modified_time\" content=\"2016-12-17T23:44:09+00:00\" \/>\n<meta property=\"og:image\" content=\"https:\/\/lepunto.com\/wp-content\/uploads\/2016\/03\/Web-Design-1.jpg\" \/>\n<meta name=\"twitter:card\" content=\"summary_large_image\" \/>\n<meta name=\"twitter:site\" content=\"@lepunto\" \/>\n<meta name=\"twitter:label1\" content=\"Tiempo de lectura\" \/>\n\t<meta name=\"twitter:data1\" content=\"4 minutos\" \/>\n<script type=\"application\/ld+json\" class=\"yoast-schema-graph\">{\"@context\":\"https:\/\/schema.org\",\"@graph\":[{\"@type\":\"WebPage\",\"@id\":\"https:\/\/lepunto.com\/es\/diseno-web\/\",\"url\":\"https:\/\/lepunto.com\/es\/diseno-web\/\",\"name\":\"Dise\u00f1o de sitios web f\u00e1ciles de usar, responsive y multiling\u00fces - LEPUNTO\",\"isPartOf\":{\"@id\":\"https:\/\/lepunto.com\/#website\"},\"primaryImageOfPage\":{\"@id\":\"https:\/\/lepunto.com\/es\/diseno-web\/#primaryimage\"},\"image\":{\"@id\":\"https:\/\/lepunto.com\/es\/diseno-web\/#primaryimage\"},\"thumbnailUrl\":\"https:\/\/lepunto.com\/wp-content\/uploads\/2016\/03\/Web-Design-1.jpg\",\"datePublished\":\"2016-03-17T00:38:30+00:00\",\"dateModified\":\"2016-12-17T23:44:09+00:00\",\"description\":\"LEPUNTO se especializa en la creaci\u00f3n de sitios web f\u00e1ciles de usar, responsive (para m\u00f3viles y tabletas y tabletas) y multiling\u00fces. \u00a1Cont\u00e1ctanos ahora!\",\"breadcrumb\":{\"@id\":\"https:\/\/lepunto.com\/es\/diseno-web\/#breadcrumb\"},\"inLanguage\":\"es\",\"potentialAction\":[{\"@type\":\"ReadAction\",\"target\":[\"https:\/\/lepunto.com\/es\/diseno-web\/\"]}]},{\"@type\":\"ImageObject\",\"inLanguage\":\"es\",\"@id\":\"https:\/\/lepunto.com\/es\/diseno-web\/#primaryimage\",\"url\":\"https:\/\/lepunto.com\/wp-content\/uploads\/2016\/03\/Web-Design-1.jpg\",\"contentUrl\":\"https:\/\/lepunto.com\/wp-content\/uploads\/2016\/03\/Web-Design-1.jpg\"},{\"@type\":\"BreadcrumbList\",\"@id\":\"https:\/\/lepunto.com\/es\/diseno-web\/#breadcrumb\",\"itemListElement\":[{\"@type\":\"ListItem\",\"position\":1,\"name\":\"Home\",\"item\":\"https:\/\/lepunto.com\/es\/\"},{\"@type\":\"ListItem\",\"position\":2,\"name\":\"Dise\u00f1o web\"}]},{\"@type\":\"WebSite\",\"@id\":\"https:\/\/lepunto.com\/#website\",\"url\":\"https:\/\/lepunto.com\/\",\"name\":\"LEPUNTO\",\"description\":\"SEO, Websites, Social Media and Branding for businesses and professionals. Torrevieja, Spain\",\"potentialAction\":[{\"@type\":\"SearchAction\",\"target\":{\"@type\":\"EntryPoint\",\"urlTemplate\":\"https:\/\/lepunto.com\/?s={search_term_string}\"},\"query-input\":{\"@type\":\"PropertyValueSpecification\",\"valueRequired\":true,\"valueName\":\"search_term_string\"}}],\"inLanguage\":\"es\"}]}<\/script>\n<!-- \/ Yoast SEO plugin. -->","yoast_head_json":{"title":"Dise\u00f1o de sitios web f\u00e1ciles de usar, responsive y multiling\u00fces - LEPUNTO","description":"LEPUNTO se especializa en la creaci\u00f3n de sitios web f\u00e1ciles de usar, responsive (para m\u00f3viles y tabletas y tabletas) y multiling\u00fces. \u00a1Cont\u00e1ctanos ahora!","robots":{"index":"index","follow":"follow","max-snippet":"max-snippet:-1","max-image-preview":"max-image-preview:large","max-video-preview":"max-video-preview:-1"},"canonical":"https:\/\/lepunto.com\/es\/diseno-web\/","og_locale":"es_ES","og_type":"article","og_title":"Dise\u00f1o de sitios web f\u00e1ciles de usar, responsive y multiling\u00fces - LEPUNTO","og_description":"LEPUNTO se especializa en la creaci\u00f3n de sitios web f\u00e1ciles de usar, responsive (para m\u00f3viles y tabletas y tabletas) y multiling\u00fces. \u00a1Cont\u00e1ctanos ahora!","og_url":"https:\/\/lepunto.com\/es\/diseno-web\/","og_site_name":"LEPUNTO","article_publisher":"https:\/\/www.facebook.com\/lepunto","article_modified_time":"2016-12-17T23:44:09+00:00","og_image":[{"url":"https:\/\/lepunto.com\/wp-content\/uploads\/2016\/03\/Web-Design-1.jpg","type":"","width":"","height":""}],"twitter_card":"summary_large_image","twitter_site":"@lepunto","twitter_misc":{"Tiempo de lectura":"4 minutos"},"schema":{"@context":"https:\/\/schema.org","@graph":[{"@type":"WebPage","@id":"https:\/\/lepunto.com\/es\/diseno-web\/","url":"https:\/\/lepunto.com\/es\/diseno-web\/","name":"Dise\u00f1o de sitios web f\u00e1ciles de usar, responsive y multiling\u00fces - LEPUNTO","isPartOf":{"@id":"https:\/\/lepunto.com\/#website"},"primaryImageOfPage":{"@id":"https:\/\/lepunto.com\/es\/diseno-web\/#primaryimage"},"image":{"@id":"https:\/\/lepunto.com\/es\/diseno-web\/#primaryimage"},"thumbnailUrl":"https:\/\/lepunto.com\/wp-content\/uploads\/2016\/03\/Web-Design-1.jpg","datePublished":"2016-03-17T00:38:30+00:00","dateModified":"2016-12-17T23:44:09+00:00","description":"LEPUNTO se especializa en la creaci\u00f3n de sitios web f\u00e1ciles de usar, responsive (para m\u00f3viles y tabletas y tabletas) y multiling\u00fces. \u00a1Cont\u00e1ctanos ahora!","breadcrumb":{"@id":"https:\/\/lepunto.com\/es\/diseno-web\/#breadcrumb"},"inLanguage":"es","potentialAction":[{"@type":"ReadAction","target":["https:\/\/lepunto.com\/es\/diseno-web\/"]}]},{"@type":"ImageObject","inLanguage":"es","@id":"https:\/\/lepunto.com\/es\/diseno-web\/#primaryimage","url":"https:\/\/lepunto.com\/wp-content\/uploads\/2016\/03\/Web-Design-1.jpg","contentUrl":"https:\/\/lepunto.com\/wp-content\/uploads\/2016\/03\/Web-Design-1.jpg"},{"@type":"BreadcrumbList","@id":"https:\/\/lepunto.com\/es\/diseno-web\/#breadcrumb","itemListElement":[{"@type":"ListItem","position":1,"name":"Home","item":"https:\/\/lepunto.com\/es\/"},{"@type":"ListItem","position":2,"name":"Dise\u00f1o web"}]},{"@type":"WebSite","@id":"https:\/\/lepunto.com\/#website","url":"https:\/\/lepunto.com\/","name":"LEPUNTO","description":"SEO, Websites, Social Media and Branding for businesses and professionals. Torrevieja, Spain","potentialAction":[{"@type":"SearchAction","target":{"@type":"EntryPoint","urlTemplate":"https:\/\/lepunto.com\/?s={search_term_string}"},"query-input":{"@type":"PropertyValueSpecification","valueRequired":true,"valueName":"search_term_string"}}],"inLanguage":"es"}]}},"_links":{"self":[{"href":"https:\/\/lepunto.com\/es\/wp-json\/wp\/v2\/pages\/244","targetHints":{"allow":["GET"]}}],"collection":[{"href":"https:\/\/lepunto.com\/es\/wp-json\/wp\/v2\/pages"}],"about":[{"href":"https:\/\/lepunto.com\/es\/wp-json\/wp\/v2\/types\/page"}],"author":[{"embeddable":true,"href":"https:\/\/lepunto.com\/es\/wp-json\/wp\/v2\/users\/1"}],"replies":[{"embeddable":true,"href":"https:\/\/lepunto.com\/es\/wp-json\/wp\/v2\/comments?post=244"}],"version-history":[{"count":0,"href":"https:\/\/lepunto.com\/es\/wp-json\/wp\/v2\/pages\/244\/revisions"}],"wp:attachment":[{"href":"https:\/\/lepunto.com\/es\/wp-json\/wp\/v2\/media?parent=244"}],"curies":[{"name":"wp","href":"https:\/\/api.w.org\/{rel}","templated":true}]}}