{"id":874,"date":"2016-12-17T23:00:25","date_gmt":"2016-12-17T22:00:25","guid":{"rendered":"https:\/\/lepunto.com\/?page_id=874"},"modified":"2016-12-18T00:33:16","modified_gmt":"2016-12-17T23:33:16","slug":"consulta-gratuita","status":"publish","type":"page","link":"https:\/\/lepunto.com\/es\/consulta-gratuita\/","title":{"rendered":"Consulta gratuita"},"content":{"rendered":"<p>\u00a1Ha aterrizado en el lugar correcto! Esta p\u00e1gina contiene un formulario para solicitar su <span style=\"color: #008000;\"><strong>CONSULTA GRATUITA ONLINE<\/strong><\/span>\u00a0(en Skype, WhatsApp o Google Hangouts, hasta 1 hora de duraci\u00f3n).<\/p>\n<p>\u00a1Preg\u00fantenos cualquier duda sobre sitios web, redes sociales, posicionamiento SEO (posicionamiento en buscadores) y branding!<\/p>\n<p>No hay obligaciones de ning\u00fan tipo. No compartimos la informaci\u00f3n que usted nos proporciona con nadie.<\/p>\n<p>\u00bfPor qu\u00e9 hacemos esto? La raz\u00f3n es muy simple: la mayor\u00eda de nuestros clientes potenciales se convierten en clientes reales despu\u00e9s de hablar, responder a las preguntas que tienen y ofrecerles nuestras soluciones.<\/p>\n<p>Por favor, rellene el siguiente formulario y nos pondremos en contacto con usted para concertar una consulta. Describa brevemente sus necesidades en la secci\u00f3n \u00abcomentarios\u00bb del formulario.<\/p>\n<p style=\"text-align: justify;\"><p class=\"wpcf7-contact-form-not-found\"><strong>Error:<\/strong> Formulario de contacto no encontrado.<\/p><\/p>\n","protected":false},"excerpt":{"rendered":"<p>\u00a1Ha aterrizado en el lugar correcto! Esta p\u00e1gina contiene un formulario para solicitar su CONSULTA GRATUITA ONLINE\u00a0(en Skype, WhatsApp o Google Hangouts, hasta 1 hora de duraci\u00f3n). \u00a1Preg\u00fantenos cualquier duda sobre sitios web, redes sociales, posicionamiento SEO (posicionamiento en buscadores) y branding! No hay obligaciones de ning\u00fan tipo. No compartimos la informaci\u00f3n que usted nos [&hellip;]<\/p>\n","protected":false},"author":1,"featured_media":0,"parent":0,"menu_order":0,"comment_status":"closed","ping_status":"closed","template":"","meta":{"_crdt_document":"","_genesis_hide_title":false,"_genesis_hide_breadcrumbs":false,"_genesis_hide_singular_image":false,"_genesis_hide_footer_widgets":false,"_genesis_custom_body_class":"","_genesis_custom_post_class":"","_genesis_layout":"full-width-content","footnotes":""},"class_list":{"0":"post-874","1":"page","2":"type-page","3":"status-publish","5":"entry"},"yoast_head":"<!-- This site is optimized with the Yoast SEO plugin v27.2 - https:\/\/yoast.com\/product\/yoast-seo-wordpress\/ -->\n<title>Consulta gratuita sobre marketing online - LEPUNTO<\/title>\n<meta name=\"description\" content=\"\u00a1Preg\u00fantenos cualquier duda sobre sitios web, redes sociales, posicionamiento SEO (posicionamiento en buscadores) y branding! Sin obligaciones\" \/>\n<meta name=\"robots\" content=\"index, follow, max-snippet:-1, max-image-preview:large, max-video-preview:-1\" \/>\n<link rel=\"canonical\" href=\"https:\/\/lepunto.com\/es\/consulta-gratuita\/\" \/>\n<meta property=\"og:locale\" content=\"es_ES\" \/>\n<meta property=\"og:type\" content=\"article\" \/>\n<meta property=\"og:title\" content=\"Consulta gratuita sobre marketing online - LEPUNTO\" \/>\n<meta property=\"og:description\" content=\"\u00a1Preg\u00fantenos cualquier duda sobre sitios web, redes sociales, posicionamiento SEO (posicionamiento en buscadores) y branding! Sin obligaciones\" \/>\n<meta property=\"og:url\" content=\"https:\/\/lepunto.com\/es\/consulta-gratuita\/\" \/>\n<meta property=\"og:site_name\" content=\"LEPUNTO\" \/>\n<meta property=\"article:publisher\" content=\"https:\/\/www.facebook.com\/lepunto\" \/>\n<meta property=\"article:modified_time\" content=\"2016-12-17T23:33:16+00:00\" \/>\n<meta property=\"og:image\" content=\"https:\/\/lepunto.com\/wp-content\/uploads\/2016\/03\/SEO-Services.jpg\" \/>\n\t<meta property=\"og:image:width\" content=\"694\" \/>\n\t<meta property=\"og:image:height\" content=\"464\" \/>\n\t<meta property=\"og:image:type\" content=\"image\/jpeg\" \/>\n<meta name=\"twitter:card\" content=\"summary_large_image\" \/>\n<meta name=\"twitter:site\" content=\"@lepunto\" \/>\n<meta name=\"twitter:label1\" content=\"Tiempo de lectura\" \/>\n\t<meta name=\"twitter:data1\" content=\"1 minuto\" \/>\n<script type=\"application\/ld+json\" class=\"yoast-schema-graph\">{\"@context\":\"https:\/\/schema.org\",\"@graph\":[{\"@type\":\"WebPage\",\"@id\":\"https:\/\/lepunto.com\/es\/consulta-gratuita\/\",\"url\":\"https:\/\/lepunto.com\/es\/consulta-gratuita\/\",\"name\":\"Consulta gratuita sobre marketing online - LEPUNTO\",\"isPartOf\":{\"@id\":\"https:\/\/lepunto.com\/#website\"},\"datePublished\":\"2016-12-17T22:00:25+00:00\",\"dateModified\":\"2016-12-17T23:33:16+00:00\",\"description\":\"\u00a1Preg\u00fantenos cualquier duda sobre sitios web, redes sociales, posicionamiento SEO (posicionamiento en buscadores) y branding! Sin obligaciones\",\"breadcrumb\":{\"@id\":\"https:\/\/lepunto.com\/es\/consulta-gratuita\/#breadcrumb\"},\"inLanguage\":\"es\",\"potentialAction\":[{\"@type\":\"ReadAction\",\"target\":[\"https:\/\/lepunto.com\/es\/consulta-gratuita\/\"]}]},{\"@type\":\"BreadcrumbList\",\"@id\":\"https:\/\/lepunto.com\/es\/consulta-gratuita\/#breadcrumb\",\"itemListElement\":[{\"@type\":\"ListItem\",\"position\":1,\"name\":\"Home\",\"item\":\"https:\/\/lepunto.com\/es\/\"},{\"@type\":\"ListItem\",\"position\":2,\"name\":\"Consulta gratuita\"}]},{\"@type\":\"WebSite\",\"@id\":\"https:\/\/lepunto.com\/#website\",\"url\":\"https:\/\/lepunto.com\/\",\"name\":\"LEPUNTO\",\"description\":\"SEO, Websites, Social Media and Branding for businesses and professionals. Torrevieja, Spain\",\"potentialAction\":[{\"@type\":\"SearchAction\",\"target\":{\"@type\":\"EntryPoint\",\"urlTemplate\":\"https:\/\/lepunto.com\/?s={search_term_string}\"},\"query-input\":{\"@type\":\"PropertyValueSpecification\",\"valueRequired\":true,\"valueName\":\"search_term_string\"}}],\"inLanguage\":\"es\"}]}<\/script>\n<!-- \/ Yoast SEO plugin. -->","yoast_head_json":{"title":"Consulta gratuita sobre marketing online - LEPUNTO","description":"\u00a1Preg\u00fantenos cualquier duda sobre sitios web, redes sociales, posicionamiento SEO (posicionamiento en buscadores) y branding! Sin obligaciones","robots":{"index":"index","follow":"follow","max-snippet":"max-snippet:-1","max-image-preview":"max-image-preview:large","max-video-preview":"max-video-preview:-1"},"canonical":"https:\/\/lepunto.com\/es\/consulta-gratuita\/","og_locale":"es_ES","og_type":"article","og_title":"Consulta gratuita sobre marketing online - LEPUNTO","og_description":"\u00a1Preg\u00fantenos cualquier duda sobre sitios web, redes sociales, posicionamiento SEO (posicionamiento en buscadores) y branding! Sin obligaciones","og_url":"https:\/\/lepunto.com\/es\/consulta-gratuita\/","og_site_name":"LEPUNTO","article_publisher":"https:\/\/www.facebook.com\/lepunto","article_modified_time":"2016-12-17T23:33:16+00:00","og_image":[{"width":694,"height":464,"url":"https:\/\/lepunto.com\/wp-content\/uploads\/2016\/03\/SEO-Services.jpg","type":"image\/jpeg"}],"twitter_card":"summary_large_image","twitter_site":"@lepunto","twitter_misc":{"Tiempo de lectura":"1 minuto"},"schema":{"@context":"https:\/\/schema.org","@graph":[{"@type":"WebPage","@id":"https:\/\/lepunto.com\/es\/consulta-gratuita\/","url":"https:\/\/lepunto.com\/es\/consulta-gratuita\/","name":"Consulta gratuita sobre marketing online - LEPUNTO","isPartOf":{"@id":"https:\/\/lepunto.com\/#website"},"datePublished":"2016-12-17T22:00:25+00:00","dateModified":"2016-12-17T23:33:16+00:00","description":"\u00a1Preg\u00fantenos cualquier duda sobre sitios web, redes sociales, posicionamiento SEO (posicionamiento en buscadores) y branding! Sin obligaciones","breadcrumb":{"@id":"https:\/\/lepunto.com\/es\/consulta-gratuita\/#breadcrumb"},"inLanguage":"es","potentialAction":[{"@type":"ReadAction","target":["https:\/\/lepunto.com\/es\/consulta-gratuita\/"]}]},{"@type":"BreadcrumbList","@id":"https:\/\/lepunto.com\/es\/consulta-gratuita\/#breadcrumb","itemListElement":[{"@type":"ListItem","position":1,"name":"Home","item":"https:\/\/lepunto.com\/es\/"},{"@type":"ListItem","position":2,"name":"Consulta gratuita"}]},{"@type":"WebSite","@id":"https:\/\/lepunto.com\/#website","url":"https:\/\/lepunto.com\/","name":"LEPUNTO","description":"SEO, Websites, Social Media and Branding for businesses and professionals. Torrevieja, Spain","potentialAction":[{"@type":"SearchAction","target":{"@type":"EntryPoint","urlTemplate":"https:\/\/lepunto.com\/?s={search_term_string}"},"query-input":{"@type":"PropertyValueSpecification","valueRequired":true,"valueName":"search_term_string"}}],"inLanguage":"es"}]}},"_links":{"self":[{"href":"https:\/\/lepunto.com\/es\/wp-json\/wp\/v2\/pages\/874","targetHints":{"allow":["GET"]}}],"collection":[{"href":"https:\/\/lepunto.com\/es\/wp-json\/wp\/v2\/pages"}],"about":[{"href":"https:\/\/lepunto.com\/es\/wp-json\/wp\/v2\/types\/page"}],"author":[{"embeddable":true,"href":"https:\/\/lepunto.com\/es\/wp-json\/wp\/v2\/users\/1"}],"replies":[{"embeddable":true,"href":"https:\/\/lepunto.com\/es\/wp-json\/wp\/v2\/comments?post=874"}],"version-history":[{"count":0,"href":"https:\/\/lepunto.com\/es\/wp-json\/wp\/v2\/pages\/874\/revisions"}],"wp:attachment":[{"href":"https:\/\/lepunto.com\/es\/wp-json\/wp\/v2\/media?parent=874"}],"curies":[{"name":"wp","href":"https:\/\/api.w.org\/{rel}","templated":true}]}}