{"id":930,"date":"2016-12-12T04:07:21","date_gmt":"2016-12-12T03:07:21","guid":{"rendered":"https:\/\/lepunto.com\/?page_id=930"},"modified":"2016-12-13T20:49:39","modified_gmt":"2016-12-13T19:49:39","slug":"branding","status":"publish","type":"page","link":"https:\/\/lepunto.com\/es\/branding\/","title":{"rendered":"Branding"},"content":{"rendered":"<p><img loading=\"lazy\" decoding=\"async\" class=\"aligncenter size-full wp-image-761\" src=\"https:\/\/lepunto.com\/wp-content\/uploads\/2016\/07\/Branding-Services.jpg\" alt=\"servicios branding\" width=\"672\" height=\"454\" srcset=\"https:\/\/lepunto.com\/wp-content\/uploads\/2016\/07\/Branding-Services.jpg 672w, https:\/\/lepunto.com\/wp-content\/uploads\/2016\/07\/Branding-Services-300x203.jpg 300w\" sizes=\"auto, (max-width: 672px) 100vw, 672px\" \/><\/p>\n<p>\u00a1El Branding online es una mezcla entre la estrategia, investigaci\u00f3n de mercado, el naming (creaci\u00f3n de un nombre), la identidad corporativa, el asesoramiento jur\u00eddico relacionado con la propiedad intelectual,\u00a0los dominios y mucho m\u00e1s! Su negocio tiene que tener un nombre, que le encante a sus clientes y que se haga recordar, que adem\u00e1s puede ser registrado como una marca comercial y tener un dominio correspondiente.<\/p>\n<p>No es de extra\u00f1ar que muchos propietarios de negocios renuncian a este punto y s\u00f3lo tratan de apoderarse del primer nombre que se les aparece, que a menudo puede establecer serios problemas para el futuro.<\/p>\n<p>Las cosas se complican a\u00fan m\u00e1s cuando sus clientes hablan idiomas distintos (si tiene una empresa de exportaciones o una empresa tur\u00edstica, por ejemplo). Adem\u00e1s, usted debe de tener en cuenta que su marca sea entendible tambi\u00e9n para ellos. Perm\u00edtanos ayudarle a desarrollar su marca, \u00a1nosotros disfrutamos resolviendo este rompecabezas!<\/p>\n<h3 style=\"text-align: center;\">Nuestros servicios de branding incluyen:<\/h3>\n<p><strong>Consultor\u00eda en estrategia de marketing.<\/strong> Vamos a analizar su situaci\u00f3n y desarrollar una estrategia\u00a0de branding para alcanzar sus metas.<\/p>\n<p><strong>Naming &#8211; creaci\u00f3n de un nombre de empresa, producto o\u00a0servicio.<\/strong>\u00a0Desarrollamos un nombre que funcione para su negocio online y offline. Ponerle nombre a un negocio o a un producto nunca es una tarea f\u00e1cil, pero tenemos mucha experiencia en este campo y estamos aqu\u00ed para ayudarle. Siempre tenemos en mente el marketing online cuando desarrollamos el nombre de una marca.<\/p>\n<p><strong>Registro de las marcas y nombres comerciales.\u00a0<\/strong>La creaci\u00f3n de nombres\u00a0est\u00e1 estrechamente relacionada con las marcas registradas. Si elige un nombre equivocado, puede que tarde o temprano se vea obligado a dejar de usarlo. \u00a1Todos sus esfuerzos desperdiciados! Nos asociamos con abogados de propiedad intelectual para ayudarle a registrar su nombre como marca y proteger su propiedad intelectual.<\/p>\n<p><strong>Dise\u00f1o \/ Logotipos \/ Identidad Corporativa. <\/strong>No nos dedicamos a hacer dise\u00f1o gr\u00e1fico personalmente, pero tenemos una gran experiencia en este trabajo con muchos talentosos dise\u00f1adores e ilustradores que cumplen las necesidades de nuestros clientes.<\/p>\n<p><strong>Rebranding<\/strong>. Hay casos en los que usted no puede o no quiere usar su marca actual, por ejemplo si se ve obligado a dejar de usar su nombre existente por los propietarios de marcas registradas. Otro caso es cuando nadie puede encontrar este nombre online porque no es lo bastantemente destacable, o tal vez simplemente no encaja en un nuevo mercado. En estos casos, podemos ayudarle a renombrar su negocio o producto existente, mantener a sus clientes existentes y establecer una buena base para el futuro.<\/p>\n<p>&nbsp;<\/p>\n<p>&nbsp;<\/p>\n<p>&nbsp;<\/p>\n<p>&nbsp;<\/p>\n","protected":false},"excerpt":{"rendered":"<p>\u00a1El Branding online es una mezcla entre la estrategia, investigaci\u00f3n de mercado, el naming (creaci\u00f3n de un nombre), la identidad corporativa, el asesoramiento jur\u00eddico relacionado con la propiedad intelectual,\u00a0los dominios y mucho m\u00e1s! Su negocio tiene que tener un nombre, que le encante a sus clientes y que se haga recordar, que adem\u00e1s puede ser [&hellip;]<\/p>\n","protected":false},"author":1,"featured_media":0,"parent":0,"menu_order":0,"comment_status":"closed","ping_status":"closed","template":"","meta":{"_crdt_document":"","_genesis_hide_title":false,"_genesis_hide_breadcrumbs":false,"_genesis_hide_singular_image":false,"_genesis_hide_footer_widgets":false,"_genesis_custom_body_class":"","_genesis_custom_post_class":"","_genesis_layout":"","footnotes":""},"class_list":{"0":"post-930","1":"page","2":"type-page","3":"status-publish","5":"entry"},"yoast_head":"<!-- This site is optimized with the Yoast SEO plugin v27.2 - https:\/\/yoast.com\/product\/yoast-seo-wordpress\/ -->\n<title>Branding - LEPUNTO<\/title>\n<meta name=\"robots\" content=\"index, follow, max-snippet:-1, max-image-preview:large, max-video-preview:-1\" \/>\n<link rel=\"canonical\" href=\"https:\/\/lepunto.com\/es\/branding\/\" \/>\n<meta property=\"og:locale\" content=\"es_ES\" \/>\n<meta property=\"og:type\" content=\"article\" \/>\n<meta property=\"og:title\" content=\"Branding - LEPUNTO\" \/>\n<meta property=\"og:description\" content=\"\u00a1El Branding online es una mezcla entre la estrategia, investigaci\u00f3n de mercado, el naming (creaci\u00f3n de un nombre), la identidad corporativa, el asesoramiento jur\u00eddico relacionado con la propiedad intelectual,\u00a0los dominios y mucho m\u00e1s! Su negocio tiene que tener un nombre, que le encante a sus clientes y que se haga recordar, que adem\u00e1s puede ser [&hellip;]\" \/>\n<meta property=\"og:url\" content=\"https:\/\/lepunto.com\/es\/branding\/\" \/>\n<meta property=\"og:site_name\" content=\"LEPUNTO\" \/>\n<meta property=\"article:publisher\" content=\"https:\/\/www.facebook.com\/lepunto\" \/>\n<meta property=\"article:modified_time\" content=\"2016-12-13T19:49:39+00:00\" \/>\n<meta property=\"og:image\" content=\"https:\/\/lepunto.com\/wp-content\/uploads\/2016\/07\/Branding-Services.jpg\" \/>\n<meta name=\"twitter:card\" content=\"summary_large_image\" \/>\n<meta name=\"twitter:site\" content=\"@lepunto\" \/>\n<meta name=\"twitter:label1\" content=\"Tiempo de lectura\" \/>\n\t<meta name=\"twitter:data1\" content=\"2 minutos\" \/>\n<script type=\"application\/ld+json\" class=\"yoast-schema-graph\">{\"@context\":\"https:\/\/schema.org\",\"@graph\":[{\"@type\":\"WebPage\",\"@id\":\"https:\/\/lepunto.com\/es\/branding\/\",\"url\":\"https:\/\/lepunto.com\/es\/branding\/\",\"name\":\"Branding - LEPUNTO\",\"isPartOf\":{\"@id\":\"https:\/\/lepunto.com\/#website\"},\"primaryImageOfPage\":{\"@id\":\"https:\/\/lepunto.com\/es\/branding\/#primaryimage\"},\"image\":{\"@id\":\"https:\/\/lepunto.com\/es\/branding\/#primaryimage\"},\"thumbnailUrl\":\"https:\/\/lepunto.com\/wp-content\/uploads\/2016\/07\/Branding-Services.jpg\",\"datePublished\":\"2016-12-12T03:07:21+00:00\",\"dateModified\":\"2016-12-13T19:49:39+00:00\",\"breadcrumb\":{\"@id\":\"https:\/\/lepunto.com\/es\/branding\/#breadcrumb\"},\"inLanguage\":\"es\",\"potentialAction\":[{\"@type\":\"ReadAction\",\"target\":[\"https:\/\/lepunto.com\/es\/branding\/\"]}]},{\"@type\":\"ImageObject\",\"inLanguage\":\"es\",\"@id\":\"https:\/\/lepunto.com\/es\/branding\/#primaryimage\",\"url\":\"https:\/\/lepunto.com\/wp-content\/uploads\/2016\/07\/Branding-Services.jpg\",\"contentUrl\":\"https:\/\/lepunto.com\/wp-content\/uploads\/2016\/07\/Branding-Services.jpg\"},{\"@type\":\"BreadcrumbList\",\"@id\":\"https:\/\/lepunto.com\/es\/branding\/#breadcrumb\",\"itemListElement\":[{\"@type\":\"ListItem\",\"position\":1,\"name\":\"Home\",\"item\":\"https:\/\/lepunto.com\/es\/\"},{\"@type\":\"ListItem\",\"position\":2,\"name\":\"Branding\"}]},{\"@type\":\"WebSite\",\"@id\":\"https:\/\/lepunto.com\/#website\",\"url\":\"https:\/\/lepunto.com\/\",\"name\":\"LEPUNTO\",\"description\":\"SEO, Websites, Social Media and Branding for businesses and professionals. Torrevieja, Spain\",\"potentialAction\":[{\"@type\":\"SearchAction\",\"target\":{\"@type\":\"EntryPoint\",\"urlTemplate\":\"https:\/\/lepunto.com\/?s={search_term_string}\"},\"query-input\":{\"@type\":\"PropertyValueSpecification\",\"valueRequired\":true,\"valueName\":\"search_term_string\"}}],\"inLanguage\":\"es\"}]}<\/script>\n<!-- \/ Yoast SEO plugin. -->","yoast_head_json":{"title":"Branding - LEPUNTO","robots":{"index":"index","follow":"follow","max-snippet":"max-snippet:-1","max-image-preview":"max-image-preview:large","max-video-preview":"max-video-preview:-1"},"canonical":"https:\/\/lepunto.com\/es\/branding\/","og_locale":"es_ES","og_type":"article","og_title":"Branding - LEPUNTO","og_description":"\u00a1El Branding online es una mezcla entre la estrategia, investigaci\u00f3n de mercado, el naming (creaci\u00f3n de un nombre), la identidad corporativa, el asesoramiento jur\u00eddico relacionado con la propiedad intelectual,\u00a0los dominios y mucho m\u00e1s! Su negocio tiene que tener un nombre, que le encante a sus clientes y que se haga recordar, que adem\u00e1s puede ser [&hellip;]","og_url":"https:\/\/lepunto.com\/es\/branding\/","og_site_name":"LEPUNTO","article_publisher":"https:\/\/www.facebook.com\/lepunto","article_modified_time":"2016-12-13T19:49:39+00:00","og_image":[{"url":"https:\/\/lepunto.com\/wp-content\/uploads\/2016\/07\/Branding-Services.jpg","type":"","width":"","height":""}],"twitter_card":"summary_large_image","twitter_site":"@lepunto","twitter_misc":{"Tiempo de lectura":"2 minutos"},"schema":{"@context":"https:\/\/schema.org","@graph":[{"@type":"WebPage","@id":"https:\/\/lepunto.com\/es\/branding\/","url":"https:\/\/lepunto.com\/es\/branding\/","name":"Branding - LEPUNTO","isPartOf":{"@id":"https:\/\/lepunto.com\/#website"},"primaryImageOfPage":{"@id":"https:\/\/lepunto.com\/es\/branding\/#primaryimage"},"image":{"@id":"https:\/\/lepunto.com\/es\/branding\/#primaryimage"},"thumbnailUrl":"https:\/\/lepunto.com\/wp-content\/uploads\/2016\/07\/Branding-Services.jpg","datePublished":"2016-12-12T03:07:21+00:00","dateModified":"2016-12-13T19:49:39+00:00","breadcrumb":{"@id":"https:\/\/lepunto.com\/es\/branding\/#breadcrumb"},"inLanguage":"es","potentialAction":[{"@type":"ReadAction","target":["https:\/\/lepunto.com\/es\/branding\/"]}]},{"@type":"ImageObject","inLanguage":"es","@id":"https:\/\/lepunto.com\/es\/branding\/#primaryimage","url":"https:\/\/lepunto.com\/wp-content\/uploads\/2016\/07\/Branding-Services.jpg","contentUrl":"https:\/\/lepunto.com\/wp-content\/uploads\/2016\/07\/Branding-Services.jpg"},{"@type":"BreadcrumbList","@id":"https:\/\/lepunto.com\/es\/branding\/#breadcrumb","itemListElement":[{"@type":"ListItem","position":1,"name":"Home","item":"https:\/\/lepunto.com\/es\/"},{"@type":"ListItem","position":2,"name":"Branding"}]},{"@type":"WebSite","@id":"https:\/\/lepunto.com\/#website","url":"https:\/\/lepunto.com\/","name":"LEPUNTO","description":"SEO, Websites, Social Media and Branding for businesses and professionals. Torrevieja, Spain","potentialAction":[{"@type":"SearchAction","target":{"@type":"EntryPoint","urlTemplate":"https:\/\/lepunto.com\/?s={search_term_string}"},"query-input":{"@type":"PropertyValueSpecification","valueRequired":true,"valueName":"search_term_string"}}],"inLanguage":"es"}]}},"_links":{"self":[{"href":"https:\/\/lepunto.com\/es\/wp-json\/wp\/v2\/pages\/930","targetHints":{"allow":["GET"]}}],"collection":[{"href":"https:\/\/lepunto.com\/es\/wp-json\/wp\/v2\/pages"}],"about":[{"href":"https:\/\/lepunto.com\/es\/wp-json\/wp\/v2\/types\/page"}],"author":[{"embeddable":true,"href":"https:\/\/lepunto.com\/es\/wp-json\/wp\/v2\/users\/1"}],"replies":[{"embeddable":true,"href":"https:\/\/lepunto.com\/es\/wp-json\/wp\/v2\/comments?post=930"}],"version-history":[{"count":0,"href":"https:\/\/lepunto.com\/es\/wp-json\/wp\/v2\/pages\/930\/revisions"}],"wp:attachment":[{"href":"https:\/\/lepunto.com\/es\/wp-json\/wp\/v2\/media?parent=930"}],"curies":[{"name":"wp","href":"https:\/\/api.w.org\/{rel}","templated":true}]}}